{"id":1100,"date":"2018-02-17T20:33:45","date_gmt":"2018-02-17T20:33:45","guid":{"rendered":"https:\/\/www.aurafestival.pt\/aurafestival\/?page_id=1100"},"modified":"2021-12-29T12:18:23","modified_gmt":"2021-12-29T11:18:23","slug":"informacoes-uteis","status":"publish","type":"page","link":"https:\/\/www.cosmica.pt\/aurafestival\/informacoes-uteis\/","title":{"rendered":"Informa\u00e7\u00f5es \u00fateis"},"content":{"rendered":"<section class=\"ffb-id-1uakddug fg-section fg-el-has-bg fg-text-dark\"><span class=\"fg-bg\"><span data-fg-bg=\"{&quot;type&quot;:&quot;color&quot;,&quot;opacity&quot;:1,&quot;color&quot;:&quot;#000000&quot;}\" class=\"fg-bg-layer fg-bg-type-color \" style=\"opacity: 1; background-color: #000000;\"><\/span><\/span><div class=\"fg-container container fg-container-large fg-container-lvl--1 \"><div class=\"fg-row row    \" ><div class=\"ffb-id-1uki540h fg-col col-xs-12 col-md-12 fg-text-dark\"><div class=\"ffb-id-1uki5gpg ffg-empty-space fg-text-dark\"><\/div><\/div><div class=\"ffb-id-1ulfon5e fg-col col-xs-12 col-md-6 fg-text-dark\"><div class=\"ffb-id-1ulfsllr fg-paragraph ff-richtext text-left text-sm-left text-md-left text-lg-left fg-text-dark\"><\/div><\/div><div class=\"ffb-id-1ukikfd9 fg-col col-xs-12 col-md-12 fg-text-dark\"><section class=\"ffb-id-1ukiv5rn heading-v1 text-center    fg-text-dark\"><hr style=\"align: left; color: #3b201e; background-color: #3b201e; height: 1px; width: 100%; border: none; \" class=\"fg-text-dark ffb-html-1\"><div class=\"heading-v1-Section ff-richtext fg-text-dark ffb-header-2\"><\/p>\n<h3 style=\"text-align: left\"><strong>SINTRA<\/strong><\/h3>\n<p><\/div><hr style=\"align: left; color: #3b201e; background-color: #3b201e; height: 1px; width: 100%; border: none; \" class=\"fg-text-dark ffb-html-3\"><\/section><div class=\"ffb-id-36c8db5g fg-paragraph ff-richtext text-left    fg-text-dark\"><\/p>\n<p><span style=\"text-decoration: underline\"><strong>HOR&Aacute;RIO&nbsp;<\/strong><\/span><strong><span style=\"text-decoration: underline\">AURA<\/span>&nbsp;<\/strong><\/p>\n<p>Das 21h -24h&nbsp;<\/p>\n<p>Para adquirir o programa do festival e o mapa do percurso, por favor dirija-se ao Welcome Center, na Volta do Duche.&nbsp;<\/p>\n<p>&nbsp;<\/p>\n<p><span style=\"text-decoration: underline\"><strong>ACESSIBILIDADES<\/strong><\/span><\/p>\n<p><strong>1. CP &ndash; Comboios de Portugal<\/strong><br \/>Servi&ccedil;o Integrado de Mobilidade<br \/>tl.(351) 707210746<br \/>apoioaocliente@cp.pt<br \/><a href=\"https:\/\/www.cp.pt\/passageiros\/pt\/informacao-cliente\/cne\" target=\"_blank\" rel=\"noopener noreferrer\">www.cp.pt<\/a><\/p>\n<p><em>Esta&ccedil;&atilde;o de Sintra, situa-se no centro hist&oacute;rico da vila e fica a 2 minutos da C&acirc;mara Municipal de Sintra. O interior da esta&ccedil;&atilde;o &eacute; amplo e regular. As bilheteiras n&atilde;o se encontram rebaixadas, contudo existem m&aacute;quinas autom&aacute;ticas rebaixadas para compra de bilhetes. Para o acesso &agrave; plataforma existe uma passagem especial para pessoas com mobilidade reduzida. As carruagens dos comboios possuem lugares espec&iacute;ficas para pessoas com mobilidade reduzida, assim como espa&ccedil;os interiores amplos e avisos sonoros e luminosos ao longo da viagem, identificando os diversos momentos de paragem.<\/em><\/p>\n<p><strong>2. Scotturb &ndash; Autocarros Urbanos<\/strong><br \/>tl.(351) 214699100<br \/>scotturb@scotturb.com<br \/><a href=\"http:\/\/www.scotturb.com\" target=\"_blank\" rel=\"noopener noreferrer\">www.scotturb.com<\/a><\/p>\n<p>Os autocarros da Scotturb como os Hop-on Hop-off encontram-se equipados com rampas de acesso, espa&ccedil;os interiores amplos, lugares reservados, avisos sonoros e luminosos, braille nos bot&otilde;es de paragem. Os abrigos de paragem disp&otilde;em de informa&ccedil;&atilde;o relativa aos hor&aacute;rios.<\/p>\n<p><strong>3. Coopt&aacute;xis - Taxis Adaptados<\/strong><em><br \/><\/em>tl.(351) 217996475<br \/>taxi@cooptaxis.pt<br \/><a href=\"http:\/\/www.cooptaxis.pt\" target=\"_blank\" rel=\"noopener noreferrer\">www.cooptaxis.pt<\/a><\/p>\n<p>Diversas operadoras de t&aacute;xi j&aacute; possuem ve&iacute;culos adaptados para pessoas com mobilidade reduzida, permitindo uma desloca&ccedil;&atilde;o confort&aacute;vel pela vila.<\/p>\n<p><strong>4. Posto de Turismo de Sintra<\/strong><br \/>Pra&ccedil;a da Rep&uacute;blica 23, Sintra<br \/>tl.(351) 219 231 157<br \/><a href=\"http:\/\/sintra@atlx.pt\" target=\"_blank\" rel=\"noopener noreferrer\">sintra@atlx.pt<\/a><\/p>\n<p><strong>5. Posto de Turismo da Esta&ccedil;&atilde;o de Sintra<\/strong><br \/>Av. Dr. Miguel Bombarda, Sintra<br \/>tl.(351) 211 932 545<br \/><a href=\"http:\/\/sintraestacao@atlx.pt\" target=\"_blank\" rel=\"noopener noreferrer\">sintraestacao@atlx.pt<\/a><\/p>\n<p><strong>6. GNR de Sintra<\/strong><br \/>Rua Jo&atilde;o de Deus n&ordm; 6, Sintra<br \/>tl.(351) 213 252 620<em><br \/><\/em><\/p>\n<p><\/div><div class=\"ffb-id-36c8gbab ffg-empty-space fg-text-dark\"><\/div><\/div><div class=\"ffb-id-hdbc322 fg-col col-xs-12 col-sm-6 col-md-3 fg-text-dark\"><section class=\"ffb-id-hdbm8ak team-v9 text-center fg-text-dark\"><div class=\"team-v9-img-wrap radius-circle\"><div class=\"team-v9-img-effect radius-b-circle\"><img class=\"fg-image team-v9-img radius-circle img-responsive fg-text-dark ffb-image\" src=\"https:\/\/www.cosmica.pt\/aurafestival\/wp-content\/uploads\/freshizer\/f9d9dfccfa3e839bab415d511895de78_link001-185-185-c-100.jpg\"><\/div><ul class=\"list-inline team-v9-socials ul-li-lr-1\"><div class=\"ff-richtext fg-text-dark ffb-html-1\"><h2><span style=\"color: #e82e24;\"><a style=\"color: #e82e24;\" href=\"http:\/\/www.activesintra.com\" target=\"_blank\" rel=\"noopener\"><strong>GO<\/strong><\/a><\/span><\/h2><\/div><\/ul><\/div><h4 class=\"team-v9-name fg-text-dark ffb-name-1\">TURISMO ACTIVO<\/h4><span class=\"team-v9-position fg-text-dark ffb-position-2\">www.activesintra.com<\/span><\/section><\/div><div class=\"ffb-id-1ulhd8ae fg-col col-xs-12 col-sm-6 col-md-3 fg-text-dark\"><section class=\"ffb-id-1ulhd8af team-v9 text-center fg-text-dark\"><div class=\"team-v9-img-wrap radius-circle\"><div class=\"team-v9-img-effect radius-b-circle\"><img class=\"fg-image team-v9-img radius-circle img-responsive fg-text-dark ffb-image\" src=\"https:\/\/www.cosmica.pt\/aurafestival\/wp-content\/uploads\/freshizer\/01d61fdf62b6f50fa4950effbc7898fa_link002-185-185-c-100.jpg\"><\/div><ul class=\"list-inline team-v9-socials ul-li-lr-1\"><h2 class=\"fg-text-dark ffb-html-1\"><span style=\"color: #e82e24;\"><a style=\"color: #e82e24;\" href=\"http:\/\/www.sintraromantica.net\" target=\"_blank\" rel=\"noopener\"><strong>GO<\/strong><\/a><\/span><\/h2><\/ul><\/div><h4 class=\"team-v9-name fg-text-dark ffb-name-1\">SINTRA ROM\u00c2NTICA<\/h4><span class=\"team-v9-position fg-text-dark ffb-position-2\">www.sintraromantica.net<\/span><\/section><\/div><div class=\"ffb-id-1ulhf3m5 fg-col col-xs-12 col-sm-6 col-md-3 fg-text-dark\"><section class=\"ffb-id-1ulhf3m6 team-v9 text-center fg-text-dark\"><div class=\"team-v9-img-wrap radius-circle\"><div class=\"team-v9-img-effect radius-b-circle\"><img class=\"fg-image team-v9-img radius-circle img-responsive fg-text-dark ffb-image\" src=\"https:\/\/www.cosmica.pt\/aurafestival\/wp-content\/uploads\/freshizer\/6b69855bbde00a306fc05b3016eca59a_link003-200-200-c-100.jpg\"><\/div><ul class=\"list-inline team-v9-socials ul-li-lr-1\"><h2 class=\"fg-text-dark ffb-html-1\"><span style=\"color: #e82e24;\"><a style=\"color: #e82e24;\" href=\"http:\/\/www.sintrainn.net\" target=\"_blank\" rel=\"noopener\"><strong>GO<\/strong><\/a><\/span><\/h2><\/ul><\/div><h4 class=\"team-v9-name fg-text-dark ffb-name-1\">ALOJAMENTO<\/h4><span class=\"team-v9-position fg-text-dark ffb-position-2\">www.sintrainn.net<\/span><\/section><\/div><div class=\"ffb-id-3539u2js fg-col col-xs-12 col-sm-6 col-md-3 fg-text-dark\"><section class=\"ffb-id-3539u2jt team-v9 text-center fg-text-dark\"><div class=\"team-v9-img-wrap radius-circle\"><div class=\"team-v9-img-effect radius-b-circle\"><img class=\"fg-image team-v9-img radius-circle img-responsive fg-text-dark ffb-image\" src=\"https:\/\/www.cosmica.pt\/aurafestival\/wp-content\/uploads\/freshizer\/c5bd9e21792ca2a85492afa4958dddd4_link004-200-200-c-100.jpg\"><\/div><ul class=\"list-inline team-v9-socials ul-li-lr-1\"><h2 class=\"fg-text-dark ffb-html-1\"><span style=\"color: #e82e24;\"><a style=\"color: #e82e24;\" href=\"http:\/\/ambiente.sintra.pt\" target=\"_blank\" rel=\"noopener\"><strong>GO<\/strong><\/a><\/span><\/h2><\/ul><\/div><h4 class=\"team-v9-name fg-text-dark ffb-name-1\">AMBIENTE <\/h4><span class=\"team-v9-position fg-text-dark ffb-position-2\">www.ambiente.sintra.pt<\/span><\/section><\/div><div class=\"ffb-id-1ulfpal6 fg-col col-xs-12 col-md-12 fg-text-dark\"><\/div><div class=\"ffb-id-1ul195cg fg-col col-xs-12 col-md-12 fg-text-dark\"><div class=\"ffb-id-1ul195ch ffg-empty-space fg-text-dark\"><\/div><\/div><\/div><\/div><\/section><style>.ffb-id-1ul195ch{ height: 50px;}.ffb-id-3539u2jt  .team-v9-img-wrap{ background-color: #000000;}.ffb-id-3539u2jt  .team-v9-img-wrap:hover .team-v9-img-effect:before{ background-color: #000000;}.ffb-id-3539u2jt ,.ffb-id-3539u2jt:before,.ffb-id-3539u2jt:after,.ffb-id-3539u2jt *,.ffb-id-3539u2jt *:before,.ffb-id-3539u2jt *:after{ color: #ffffff !important;}.ffb-id-3539u2jt{ font-family: 'Poppins', Arial, sans-serif !important;}.ffb-id-3539u2jt:before,.ffb-id-3539u2jt:after,.ffb-id-3539u2jt:hover,.ffb-id-3539u2jt:focus,.ffb-id-3539u2jt *,.ffb-id-3539u2jt *:before,.ffb-id-3539u2jt *:after,.ffb-id-3539u2jt *:hover,.ffb-id-3539u2jt *:focus{ font-family: 'Poppins', Arial, sans-serif !important;}.ffb-id-1ulhf3m6  .team-v9-img-wrap{ background-color: #000000;}.ffb-id-1ulhf3m6  .team-v9-img-wrap:hover .team-v9-img-effect:before{ background-color: #000000;}.ffb-id-1ulhf3m6 ,.ffb-id-1ulhf3m6:before,.ffb-id-1ulhf3m6:after,.ffb-id-1ulhf3m6 *,.ffb-id-1ulhf3m6 *:before,.ffb-id-1ulhf3m6 *:after{ color: #ffffff !important;}.ffb-id-1ulhf3m6{ font-family: 'Poppins', Arial, sans-serif !important;}.ffb-id-1ulhf3m6:before,.ffb-id-1ulhf3m6:after,.ffb-id-1ulhf3m6:hover,.ffb-id-1ulhf3m6:focus,.ffb-id-1ulhf3m6 *,.ffb-id-1ulhf3m6 *:before,.ffb-id-1ulhf3m6 *:after,.ffb-id-1ulhf3m6 *:hover,.ffb-id-1ulhf3m6 *:focus{ font-family: 'Poppins', Arial, sans-serif !important;}.ffb-id-1ulhd8af  .team-v9-img-wrap{ background-color: #000000;}.ffb-id-1ulhd8af  .team-v9-img-wrap:hover .team-v9-img-effect:before{ background-color: #000000;}.ffb-id-1ulhd8af ,.ffb-id-1ulhd8af:before,.ffb-id-1ulhd8af:after,.ffb-id-1ulhd8af *,.ffb-id-1ulhd8af *:before,.ffb-id-1ulhd8af *:after{ color: #ffffff !important;}.ffb-id-1ulhd8af{ font-family: 'Poppins', Arial, sans-serif !important;}.ffb-id-1ulhd8af:before,.ffb-id-1ulhd8af:after,.ffb-id-1ulhd8af:hover,.ffb-id-1ulhd8af:focus,.ffb-id-1ulhd8af *,.ffb-id-1ulhd8af *:before,.ffb-id-1ulhd8af *:after,.ffb-id-1ulhd8af *:hover,.ffb-id-1ulhd8af *:focus{ font-family: 'Poppins', Arial, sans-serif !important;}.ffb-id-hdbm8ak  .team-v9-img-wrap{ background-color: #000000;}.ffb-id-hdbm8ak  .team-v9-img-wrap:hover .team-v9-img-effect:before{ background-color: #000000;}.ffb-id-hdbm8ak ,.ffb-id-hdbm8ak:before,.ffb-id-hdbm8ak:after,.ffb-id-hdbm8ak *,.ffb-id-hdbm8ak *:before,.ffb-id-hdbm8ak *:after{ color: #ffffff !important;}.ffb-id-hdbm8ak{ font-family: 'Poppins', Arial, sans-serif !important;}.ffb-id-hdbm8ak:before,.ffb-id-hdbm8ak:after,.ffb-id-hdbm8ak:hover,.ffb-id-hdbm8ak:focus,.ffb-id-hdbm8ak *,.ffb-id-hdbm8ak *:before,.ffb-id-hdbm8ak *:after,.ffb-id-hdbm8ak *:hover,.ffb-id-hdbm8ak *:focus{ font-family: 'Poppins', Arial, sans-serif !important;}.ffb-id-36c8gbab{ height: 100px;}.ffb-id-36c8db5g ,.ffb-id-36c8db5g:before,.ffb-id-36c8db5g:after,.ffb-id-36c8db5g *,.ffb-id-36c8db5g *:before,.ffb-id-36c8db5g *:after{ color: #ffffff !important;}.ffb-id-1ukiv5rn .ffb-header-2{ font-family: 'Poppins', Arial, sans-serif !important;}.ffb-id-1ukiv5rn .ffb-header-2:before,.ffb-id-1ukiv5rn .ffb-header-2:after,.ffb-id-1ukiv5rn .ffb-header-2:hover,.ffb-id-1ukiv5rn .ffb-header-2:focus,.ffb-id-1ukiv5rn .ffb-header-2 *,.ffb-id-1ukiv5rn .ffb-header-2 *:before,.ffb-id-1ukiv5rn .ffb-header-2 *:after,.ffb-id-1ukiv5rn .ffb-header-2 *:hover,.ffb-id-1ukiv5rn .ffb-header-2 *:focus{ font-family: 'Poppins', Arial, sans-serif !important;}.ffb-id-1ukiv5rn .ffb-header-2{ font-weight: 900 !important;}.ffb-id-1ukiv5rn .ffb-header-2 ,.ffb-id-1ukiv5rn .ffb-header-2:before,.ffb-id-1ukiv5rn .ffb-header-2:after,.ffb-id-1ukiv5rn .ffb-header-2:hover,.ffb-id-1ukiv5rn .ffb-header-2:focus,.ffb-id-1ukiv5rn .ffb-header-2 *,.ffb-id-1ukiv5rn .ffb-header-2 *:before,.ffb-id-1ukiv5rn .ffb-header-2 *:after,.ffb-id-1ukiv5rn .ffb-header-2 *:hover,.ffb-id-1ukiv5rn .ffb-header-2 *:focus{ font-weight: 900 !important;}@media (min-width:768px) { .ffb-id-1ukiv5rn .ffb-header-2{ font-weight: 900 !important;}}@media (min-width:768px) { .ffb-id-1ukiv5rn .ffb-header-2 ,.ffb-id-1ukiv5rn .ffb-header-2:before,.ffb-id-1ukiv5rn .ffb-header-2:after,.ffb-id-1ukiv5rn .ffb-header-2:hover,.ffb-id-1ukiv5rn .ffb-header-2:focus,.ffb-id-1ukiv5rn .ffb-header-2 *,.ffb-id-1ukiv5rn .ffb-header-2 *:before,.ffb-id-1ukiv5rn .ffb-header-2 *:after,.ffb-id-1ukiv5rn .ffb-header-2 *:hover,.ffb-id-1ukiv5rn .ffb-header-2 *:focus{ font-weight: 900 !important;}}@media (min-width:992px) { .ffb-id-1ukiv5rn .ffb-header-2{ font-weight: 900 !important;}}@media (min-width:992px) { .ffb-id-1ukiv5rn .ffb-header-2 ,.ffb-id-1ukiv5rn .ffb-header-2:before,.ffb-id-1ukiv5rn .ffb-header-2:after,.ffb-id-1ukiv5rn .ffb-header-2:hover,.ffb-id-1ukiv5rn .ffb-header-2:focus,.ffb-id-1ukiv5rn .ffb-header-2 *,.ffb-id-1ukiv5rn .ffb-header-2 *:before,.ffb-id-1ukiv5rn .ffb-header-2 *:after,.ffb-id-1ukiv5rn .ffb-header-2 *:hover,.ffb-id-1ukiv5rn .ffb-header-2 *:focus{ font-weight: 900 !important;}}@media (min-width:1200px) { .ffb-id-1ukiv5rn .ffb-header-2{ font-weight: 900 !important;}}@media (min-width:1200px) { .ffb-id-1ukiv5rn .ffb-header-2 ,.ffb-id-1ukiv5rn .ffb-header-2:before,.ffb-id-1ukiv5rn .ffb-header-2:after,.ffb-id-1ukiv5rn .ffb-header-2:hover,.ffb-id-1ukiv5rn .ffb-header-2:focus,.ffb-id-1ukiv5rn .ffb-header-2 *,.ffb-id-1ukiv5rn .ffb-header-2 *:before,.ffb-id-1ukiv5rn .ffb-header-2 *:after,.ffb-id-1ukiv5rn .ffb-header-2 *:hover,.ffb-id-1ukiv5rn .ffb-header-2 *:focus{ font-weight: 900 !important;}}.ffb-id-1ukiv5rn ,.ffb-id-1ukiv5rn:before,.ffb-id-1ukiv5rn:after,.ffb-id-1ukiv5rn *,.ffb-id-1ukiv5rn *:before,.ffb-id-1ukiv5rn *:after{ color: #ffffff !important;}.ffb-id-1uki5gpg{ height: 50px;}<\/style><script type=\"text\/javascript\"><\/script>\n","protected":false},"excerpt":{"rendered":"","protected":false},"author":1,"featured_media":0,"parent":0,"menu_order":0,"comment_status":"closed","ping_status":"closed","template":"","meta":[],"_links":{"self":[{"href":"https:\/\/www.cosmica.pt\/aurafestival\/wp-json\/wp\/v2\/pages\/1100"}],"collection":[{"href":"https:\/\/www.cosmica.pt\/aurafestival\/wp-json\/wp\/v2\/pages"}],"about":[{"href":"https:\/\/www.cosmica.pt\/aurafestival\/wp-json\/wp\/v2\/types\/page"}],"author":[{"embeddable":true,"href":"https:\/\/www.cosmica.pt\/aurafestival\/wp-json\/wp\/v2\/users\/1"}],"replies":[{"embeddable":true,"href":"https:\/\/www.cosmica.pt\/aurafestival\/wp-json\/wp\/v2\/comments?post=1100"}],"version-history":[{"count":21,"href":"https:\/\/www.cosmica.pt\/aurafestival\/wp-json\/wp\/v2\/pages\/1100\/revisions"}],"predecessor-version":[{"id":4175,"href":"https:\/\/www.cosmica.pt\/aurafestival\/wp-json\/wp\/v2\/pages\/1100\/revisions\/4175"}],"wp:attachment":[{"href":"https:\/\/www.cosmica.pt\/aurafestival\/wp-json\/wp\/v2\/media?parent=1100"}],"curies":[{"name":"wp","href":"https:\/\/api.w.org\/{rel}","templated":true}]}}